{"id":7984,"date":"2026-04-29T14:45:21","date_gmt":"2026-04-29T12:45:21","guid":{"rendered":"https:\/\/fe.energy\/?page_id=7984"},"modified":"2026-04-29T15:03:05","modified_gmt":"2026-04-29T13:03:05","slug":"cookies_en","status":"publish","type":"page","link":"https:\/\/fe.energy\/en\/cookies_en\/","title":{"rendered":"Cookies_EN"},"content":{"rendered":"<div data-elementor-type=\"wp-page\" data-elementor-id=\"7984\" class=\"elementor elementor-7984\">\n\t\t\t\t\t\t<section class=\"elementor-section elementor-top-section elementor-element elementor-element-86d5273 elementor-section-full_width elementor-section-height-min-height elementor-section-stretched elementor-section-height-default elementor-section-items-middle\" data-id=\"86d5273\" data-element_type=\"section\" data-e-type=\"section\" data-settings=\"{&quot;stretch_section&quot;:&quot;section-stretched&quot;}\">\n\t\t\t\t\t\t<div class=\"elementor-container elementor-column-gap-default\">\n\t\t\t\t\t<div class=\"elementor-column elementor-col-100 elementor-top-column elementor-element elementor-element-e753e62\" data-id=\"e753e62\" data-element_type=\"column\" data-e-type=\"column\">\n\t\t\t<div class=\"elementor-widget-wrap\">\n\t\t\t\t\t\t\t<\/div>\n\t\t<\/div>\n\t\t\t\t\t<\/div>\n\t\t<\/section>\n\t\t\t\t<section class=\"elementor-section elementor-top-section elementor-element elementor-element-19f5140 elementor-section-height-min-height elementor-section-stretched elementor-section-boxed elementor-section-height-default elementor-section-items-middle\" data-id=\"19f5140\" data-element_type=\"section\" data-e-type=\"section\" data-settings=\"{&quot;stretch_section&quot;:&quot;section-stretched&quot;,&quot;background_background&quot;:&quot;classic&quot;}\">\n\t\t\t\t\t\t<div class=\"elementor-container elementor-column-gap-default\">\n\t\t\t\t\t<div class=\"elementor-column elementor-col-100 elementor-top-column elementor-element elementor-element-e5a3e6e\" data-id=\"e5a3e6e\" data-element_type=\"column\" data-e-type=\"column\">\n\t\t\t<div class=\"elementor-widget-wrap\">\n\t\t\t\t\t\t\t<\/div>\n\t\t<\/div>\n\t\t\t\t\t<\/div>\n\t\t<\/section>\n\t\t\t\t<section class=\"elementor-section elementor-top-section elementor-element elementor-element-42317ac elementor-section-boxed elementor-section-height-default elementor-section-height-default\" data-id=\"42317ac\" data-element_type=\"section\" data-e-type=\"section\">\n\t\t\t\t\t\t<div class=\"elementor-container elementor-column-gap-default\">\n\t\t\t\t\t<div class=\"elementor-column elementor-col-100 elementor-top-column elementor-element elementor-element-3a3a3cf\" data-id=\"3a3a3cf\" data-element_type=\"column\" data-e-type=\"column\">\n\t\t\t<div class=\"elementor-widget-wrap elementor-element-populated\">\n\t\t\t\t\t\t<div class=\"elementor-element elementor-element-5b53a3d elementor-widget elementor-widget-spacer\" data-id=\"5b53a3d\" data-element_type=\"widget\" data-e-type=\"widget\" data-widget_type=\"spacer.default\">\n\t\t\t\t<div class=\"elementor-widget-container\">\n\t\t\t\t\t\t\t<div class=\"elementor-spacer\">\n\t\t\t<div class=\"elementor-spacer-inner\"><\/div>\n\t\t<\/div>\n\t\t\t\t\t\t<\/div>\n\t\t\t\t<\/div>\n\t\t\t\t<div class=\"elementor-element elementor-element-beb3280 elementor-widget elementor-widget-heading\" data-id=\"beb3280\" data-element_type=\"widget\" data-e-type=\"widget\" data-widget_type=\"heading.default\">\n\t\t\t\t<div class=\"elementor-widget-container\">\n\t\t\t\t\t<h2 class=\"elementor-heading-title elementor-size-default\">COOKIES<\/h2>\t\t\t\t<\/div>\n\t\t\t\t<\/div>\n\t\t\t\t\t<\/div>\n\t\t<\/div>\n\t\t\t\t\t<\/div>\n\t\t<\/section>\n\t\t\t\t<section class=\"elementor-section elementor-top-section elementor-element elementor-element-6f4a699 elementor-section-boxed elementor-section-height-default elementor-section-height-default\" data-id=\"6f4a699\" data-element_type=\"section\" data-e-type=\"section\">\n\t\t\t\t\t\t<div class=\"elementor-container elementor-column-gap-default\">\n\t\t\t\t\t<div class=\"elementor-column elementor-col-100 elementor-top-column elementor-element elementor-element-a1cccbc\" data-id=\"a1cccbc\" data-element_type=\"column\" data-e-type=\"column\">\n\t\t\t<div class=\"elementor-widget-wrap elementor-element-populated\">\n\t\t\t\t\t\t<div class=\"elementor-element elementor-element-1c23231 elementor-widget elementor-widget-text-editor\" data-id=\"1c23231\" data-element_type=\"widget\" data-e-type=\"widget\" data-widget_type=\"text-editor.default\">\n\t\t\t\t<div class=\"elementor-widget-container\">\n\t\t\t\t\t\t\t\t\t<p>Introduction<\/p><p>In compliance with Law 34\/2002 of July 11, on Information Society Services and Electronic Commerce, we inform the User about the use of cookies on the \u201cFe Energy\u201d website.<\/p><p>Cookies allow, among other things, the collection of statistical information, the facilitation of certain technical functionalities, the storage and retrieval of information about a User&#8217;s browsing habits or preferences, and, depending on the information they contain and how the user&#8217;s device is configured, they can be used to recognize the User and remember aspects such as their language, country, browser, etc. If the User does not wish to receive cookies, they can configure their browser to delete them from their computer&#8217;s hard drive, block them, or notify them when they are installed.<\/p><p>Our website uses cookies and other related technologies (for convenience, all technologies are referred to as \u201ccookies\u201d). Cookies are also placed by third parties we have engaged. The following document provides information about the use of cookies on our website.<\/p><p>What are cookies, scripts, or web beacons?<\/p><p>A cookie is a small, simple file that is sent along with pages from this website and stored by the user&#8217;s browser on the hard drive of their computer or other device (smartphone, tablet, smart TV, etc.). The stored information can be returned to our servers or to the servers of relevant third parties during a subsequent visit.<\/p><p>A script is a piece of program code used to make our website function correctly and interactively. This code is executed on our server or on the user&#8217;s device.<\/p><p>A web beacon (or pixel tag) is a small, invisible piece of text or image on a website used to track website traffic.<\/p><p>Depending on the entity that manages them, cookies can be:<\/p><p>First-party cookies<\/p><p>First-party cookies are files sent from our servers or domains directly to the user&#8217;s device. They are created and managed by us, and their use contributes to the proper functioning and personalization of the user experience.<\/p><p>Third-Party Cookies<\/p><p>The Website may use cookies installed by third parties to perform statistical analysis of user browsing or to display personalized advertising content. It is important to note that, if you accept third-party cookies, it is your responsibility to delete them through your browser settings or using the system provided by the third party itself.<\/p><p>Neither this Website nor its legal representatives are responsible for the content or accuracy of the privacy policies of the third parties mentioned in this cookie policy. Web browsers are the tools responsible for storing cookies, and users must exercise their right to delete or disable them through their browser settings. Neither this Website nor its legal representatives can guarantee the correct or incorrect handling of cookies by these browsers.<\/p><p>According to their expiration, cookies can be:<\/p><p>Session Cookies<\/p><p>Temporary cookies remain in the browser&#8217;s cookie file only during your session on our website and are not stored on your device after you close the session or the browser.<\/p><p>Persistent Cookies<\/p><p>These cookies store information on your device and remain even after you close your session or browser. They are used to remember information and settings between visits, providing a personalized experience over time.<\/p><p>Depending on their purpose, cookies can be:<\/p><p>Technical or Functional Cookies<\/p><p>Some cookies ensure that certain parts of the website function correctly and that user preferences can be remembered. By placing functional cookies, we make it easier to visit and use our website. This way, you don&#8217;t need to repeatedly enter the same information when visiting our website, and, for example, items remain in your shopping cart until you complete your purchase. Regulations allow us to place these cookies without your consent.<\/p><p>Analytical Cookies<\/p><p>These cookies are used to optimize your experience on the website. They allow us to track and analyze user behavior on the website. User consent is required for their placement. This information is valuable for improving and adjusting content and design, ensuring a more efficient and personalized experience.<\/p><p>Advertising or marketing cookies<\/p><p>These cookies store information about user behavior obtained through continuous observation of browsing habits, allowing the development of a specific profile to display targeted advertising. Both we and third parties collect this information.<\/p>\t\t\t\t\t\t\t\t<\/div>\n\t\t\t\t<\/div>\n\t\t\t\t\t<\/div>\n\t\t<\/div>\n\t\t\t\t\t<\/div>\n\t\t<\/section>\n\t\t\t\t<section class=\"elementor-section elementor-top-section elementor-element elementor-element-61f00b1 elementor-section-boxed elementor-section-height-default elementor-section-height-default\" data-id=\"61f00b1\" data-element_type=\"section\" data-e-type=\"section\">\n\t\t\t\t\t\t<div class=\"elementor-container elementor-column-gap-default\">\n\t\t\t\t\t<div class=\"elementor-column elementor-col-100 elementor-top-column elementor-element elementor-element-21e2428\" data-id=\"21e2428\" data-element_type=\"column\" data-e-type=\"column\">\n\t\t\t<div class=\"elementor-widget-wrap elementor-element-populated\">\n\t\t\t\t\t\t<div class=\"elementor-element elementor-element-7b8697f elementor-widget elementor-widget-spacer\" data-id=\"7b8697f\" data-element_type=\"widget\" data-e-type=\"widget\" data-widget_type=\"spacer.default\">\n\t\t\t\t<div class=\"elementor-widget-container\">\n\t\t\t\t\t\t\t<div class=\"elementor-spacer\">\n\t\t\t<div class=\"elementor-spacer-inner\"><\/div>\n\t\t<\/div>\n\t\t\t\t\t\t<\/div>\n\t\t\t\t<\/div>\n\t\t\t\t\t<\/div>\n\t\t<\/div>\n\t\t\t\t\t<\/div>\n\t\t<\/section>\n\t\t\t\t<\/div>","protected":false},"excerpt":{"rendered":"<p>COOKIES Introduction In compliance with Law 34\/2002 of July 11, on Information Society Services and Electronic Commerce, we inform the User about the use of cookies on the \u201cFe Energy\u201d website. Cookies allow, among other things, the collection of statistical information, the facilitation of certain technical functionalities, the storage and retrieval of information about a [&hellip;]<\/p>\n","protected":false},"author":132922776,"featured_media":0,"parent":0,"menu_order":0,"comment_status":"closed","ping_status":"closed","template":"","meta":{"site-sidebar-layout":"default","site-content-layout":"","ast-site-content-layout":"default","site-content-style":"default","site-sidebar-style":"default","ast-global-header-display":"","ast-banner-title-visibility":"","ast-main-header-display":"","ast-hfb-above-header-display":"","ast-hfb-below-header-display":"","ast-hfb-mobile-header-display":"","site-post-title":"disabled","ast-breadcrumbs-content":"","ast-featured-img":"","footer-sml-layout":"","theme-transparent-header-meta":"","adv-header-id-meta":"","stick-header-meta":"","header-above-stick-meta":"","header-main-stick-meta":"","header-below-stick-meta":"","astra-migrate-meta-layouts":"set","ast-page-background-enabled":"default","ast-page-background-meta":{"desktop":{"background-color":"var(--ast-global-color-4)","background-image":"","background-repeat":"repeat","background-position":"center center","background-size":"auto","background-attachment":"scroll","background-type":"","background-media":"","overlay-type":"","overlay-color":"","overlay-gradient":""},"tablet":{"background-color":"","background-image":"","background-repeat":"repeat","background-position":"center center","background-size":"auto","background-attachment":"scroll","background-type":"","background-media":"","overlay-type":"","overlay-color":"","overlay-gradient":""},"mobile":{"background-color":"","background-image":"","background-repeat":"repeat","background-position":"center center","background-size":"auto","background-attachment":"scroll","background-type":"","background-media":"","overlay-type":"","overlay-color":"","overlay-gradient":""}},"ast-content-background-meta":{"desktop":{"background-color":"var(--ast-global-color-5)","background-image":"","background-repeat":"repeat","background-position":"center center","background-size":"auto","background-attachment":"scroll","background-type":"","background-media":"","overlay-type":"","overlay-color":"","overlay-gradient":""},"tablet":{"background-color":"var(--ast-global-color-5)","background-image":"","background-repeat":"repeat","background-position":"center center","background-size":"auto","background-attachment":"scroll","background-type":"","background-media":"","overlay-type":"","overlay-color":"","overlay-gradient":""},"mobile":{"background-color":"var(--ast-global-color-5)","background-image":"","background-repeat":"repeat","background-position":"center center","background-size":"auto","background-attachment":"scroll","background-type":"","background-media":"","overlay-type":"","overlay-color":"","overlay-gradient":""}},"advanced_seo_description":"","jetpack_seo_html_title":"","jetpack_seo_noindex":false,"footnotes":""},"class_list":["post-7984","page","type-page","status-publish","hentry"],"jetpack_shortlink":"https:\/\/wp.me\/P9wowA-24M","jetpack-related-posts":[{"id":7988,"url":"https:\/\/fe.energy\/en\/legal_en\/","url_meta":{"origin":7984,"position":0},"title":"Legal_EN","author":"elivargasfeijooenergycom","date":"April 29, 2026","format":false,"excerpt":"LEGAL NOTICE In compliance with Article 10 of Law 34\/2002, of July 11, on Information Society Services and Electronic Commerce (LSSICE), Fe Energy Wind Development, S.L.U. (hereinafter, \u201cFe Energy\u201d), the owner of this website, provides Users with the following information to define its Terms of Use.In addition to the content\u2026","rel":"","context":"Similar post","block_context":{"text":"Similar post","link":""},"img":{"alt_text":"","src":"","width":0,"height":0},"classes":[]},{"id":7992,"url":"https:\/\/fe.energy\/en\/privacy_en\/","url_meta":{"origin":7984,"position":1},"title":"Privacy_EN","author":"elivargasfeijooenergycom","date":"April 29, 2026","format":false,"excerpt":"PRIVACY POLICY Fe Energy is deeply committed to complying with Spanish and European regulations on the protection of personal data and guarantees full compliance with the obligations set forth therein, as well as the implementation of the security measures established in the General Data Protection Regulation (GDPR) (EU) 2016\/679 of\u2026","rel":"","context":"Similar post","block_context":{"text":"Similar post","link":""},"img":{"alt_text":"","src":"","width":0,"height":0},"classes":[]},{"id":7972,"url":"https:\/\/fe.energy\/en\/code-of-ethics_en\/","url_meta":{"origin":7984,"position":2},"title":"Code of ethics_EN","author":"elivargasfeijooenergycom","date":"April 29, 2026","format":false,"excerpt":"Code of Ethics FE ENERGY WIND DEVELOPMENT, S.L.U. Code of EthicsFE ENERGY WIND DEVELOPMENT, S.L.U. establishes this Code of Ethics to guide the conduct of all members of the company and ensure that our operations are carried out under the highest standards of integrity, transparency, and legal compliance. This document\u2026","rel":"","context":"Similar post","block_context":{"text":"Similar post","link":""},"img":{"alt_text":"","src":"","width":0,"height":0},"classes":[]},{"id":7986,"url":"https:\/\/fe.energy\/en\/","url_meta":{"origin":7984,"position":3},"title":"Home_EN","author":"elivargasfeijooenergycom","date":"April 29, 2026","format":false,"excerpt":"We are a company Specialized in the development of Renewable Energy projects Fe Energy was established in 2019 with the primary objective of contributing to the optimization of the energy industry through active participation in the design, development, construction, and management of renewable energy projects.We are experts in large-scale solar\u2026","rel":"","context":"Similar post","block_context":{"text":"Similar post","link":""},"img":{"alt_text":"","src":"https:\/\/i0.wp.com\/fe.energy\/wp-content\/uploads\/2026\/04\/Club-Nordes.png?resize=350%2C200&ssl=1","width":350,"height":200,"srcset":"https:\/\/i0.wp.com\/fe.energy\/wp-content\/uploads\/2026\/04\/Club-Nordes.png?resize=350%2C200&ssl=1 1x, https:\/\/i0.wp.com\/fe.energy\/wp-content\/uploads\/2026\/04\/Club-Nordes.png?resize=525%2C300&ssl=1 1.5x"},"classes":[]},{"id":7994,"url":"https:\/\/fe.energy\/en\/projects_en\/","url_meta":{"origin":7984,"position":4},"title":"Projects_EN","author":"elivargasfeijooenergycom","date":"April 29, 2026","format":false,"excerpt":"PROJECTS We are passionately dedicated to driving a cleaner, more sustainable future through innovative projects that transform how the world obtains and uses energy. From solar energy capture and storage to harnessing wind resources, our committed team works tirelessly to develop efficient and environmentally responsible energy solutions. Every project we\u2026","rel":"","context":"Similar post","block_context":{"text":"Similar post","link":""},"img":{"alt_text":"","src":"https:\/\/i0.wp.com\/fe.energy\/wp-content\/uploads\/2026\/04\/Mercados.png?resize=350%2C200&ssl=1","width":350,"height":200,"srcset":"https:\/\/i0.wp.com\/fe.energy\/wp-content\/uploads\/2026\/04\/Mercados.png?resize=350%2C200&ssl=1 1x, https:\/\/i0.wp.com\/fe.energy\/wp-content\/uploads\/2026\/04\/Mercados.png?resize=525%2C300&ssl=1 1.5x, https:\/\/i0.wp.com\/fe.energy\/wp-content\/uploads\/2026\/04\/Mercados.png?resize=700%2C400&ssl=1 2x, https:\/\/i0.wp.com\/fe.energy\/wp-content\/uploads\/2026\/04\/Mercados.png?resize=1050%2C600&ssl=1 3x"},"classes":[]},{"id":7990,"url":"https:\/\/fe.energy\/en\/the-team_en\/","url_meta":{"origin":7984,"position":5},"title":"The Team_EN","author":"elivargasfeijooenergycom","date":"April 29, 2026","format":false,"excerpt":"THE TEAM Alberto Garc\u00eda Feijoo CEO BUSINESS DEVELOPMENT Eliana Vargas Urrego Deputy Director General and Head of Area Mirell Morales Salazar Deputy Director General and Head of Area PROJECTS JacoboBarro PernasProject Manager Project Manager Laura LorenaForero L\u00f3pezProject Manager Project Manager LEGAL ADMINISTRATIVE Miguel Fern\u00e1ndez Saavedra Area responsible Silvia Barbeito Fern\u00e1ndez\u2026","rel":"","context":"Similar post","block_context":{"text":"Similar post","link":""},"img":{"alt_text":"","src":"https:\/\/i0.wp.com\/fe.energy\/wp-content\/uploads\/2023\/03\/E0222-091_Alberto2-1024x637-1.jpg?resize=350%2C200&ssl=1","width":350,"height":200,"srcset":"https:\/\/i0.wp.com\/fe.energy\/wp-content\/uploads\/2023\/03\/E0222-091_Alberto2-1024x637-1.jpg?resize=350%2C200&ssl=1 1x, https:\/\/i0.wp.com\/fe.energy\/wp-content\/uploads\/2023\/03\/E0222-091_Alberto2-1024x637-1.jpg?resize=525%2C300&ssl=1 1.5x, https:\/\/i0.wp.com\/fe.energy\/wp-content\/uploads\/2023\/03\/E0222-091_Alberto2-1024x637-1.jpg?resize=700%2C400&ssl=1 2x"},"classes":[]}],"jetpack_sharing_enabled":true,"_links":{"self":[{"href":"https:\/\/fe.energy\/en\/wp-json\/wp\/v2\/pages\/7984","targetHints":{"allow":["GET"]}}],"collection":[{"href":"https:\/\/fe.energy\/en\/wp-json\/wp\/v2\/pages"}],"about":[{"href":"https:\/\/fe.energy\/en\/wp-json\/wp\/v2\/types\/page"}],"author":[{"embeddable":true,"href":"https:\/\/fe.energy\/en\/wp-json\/wp\/v2\/users\/132922776"}],"replies":[{"embeddable":true,"href":"https:\/\/fe.energy\/en\/wp-json\/wp\/v2\/comments?post=7984"}],"version-history":[{"count":4,"href":"https:\/\/fe.energy\/en\/wp-json\/wp\/v2\/pages\/7984\/revisions"}],"predecessor-version":[{"id":8008,"href":"https:\/\/fe.energy\/en\/wp-json\/wp\/v2\/pages\/7984\/revisions\/8008"}],"wp:attachment":[{"href":"https:\/\/fe.energy\/en\/wp-json\/wp\/v2\/media?parent=7984"}],"curies":[{"name":"wp","href":"https:\/\/api.w.org\/{rel}","templated":true}]}}